{"id":960,"date":"2024-01-07T21:55:42","date_gmt":"2024-01-07T21:55:42","guid":{"rendered":"https:\/\/www.bletschuweg2.ch\/?page_id=960"},"modified":"2025-12-23T21:05:19","modified_gmt":"2025-12-23T21:05:19","slug":"gaestekarten","status":"publish","type":"page","link":"https:\/\/www.bletschuweg2.ch\/?page_id=960","title":{"rendered":"G\u00e4stekarten"},"content":{"rendered":"\n<p>G\u00e4stekarten werden vom Vermieter ausgestellt. F\u00fcr das Erstellen der G\u00e4stekarte sind die Namen der Teilnehmenden und die Dauer des Aufenthaltes wichtig.<\/p>\n\n\n\n<p>Preise: Stand Dezember 2025<\/p>\n\n\n\n<figure class=\"wp-block-image size-large is-resized\"><img loading=\"lazy\" decoding=\"async\" width=\"1024\" height=\"214\" src=\"https:\/\/www.bletschuweg2.ch\/wp-content\/uploads\/2024\/01\/PreiseGaestekarten-1024x214.jpg\" alt=\"\" class=\"wp-image-964\" style=\"width:675px;height:auto\" srcset=\"https:\/\/www.bletschuweg2.ch\/wp-content\/uploads\/2024\/01\/PreiseGaestekarten-1024x214.jpg 1024w, https:\/\/www.bletschuweg2.ch\/wp-content\/uploads\/2024\/01\/PreiseGaestekarten-300x63.jpg 300w, https:\/\/www.bletschuweg2.ch\/wp-content\/uploads\/2024\/01\/PreiseGaestekarten-768x160.jpg 768w, https:\/\/www.bletschuweg2.ch\/wp-content\/uploads\/2024\/01\/PreiseGaestekarten-676x141.jpg 676w, https:\/\/www.bletschuweg2.ch\/wp-content\/uploads\/2024\/01\/PreiseGaestekarten.jpg 1269w\" sizes=\"auto, (max-width: 1024px) 100vw, 1024px\" \/><\/figure>\n\n\n\n<p>Reduktionen sind <a href=\"https:\/\/www.loetschental.ch\/de\/info-service\/gaestekarte-loetschental-card-164?highlighting=reduktionen%20g%C3%A4stekarte\" target=\"_blank\" rel=\"noreferrer noopener\">dieser Seite <\/a>zu entnehmen (Achtung: Unterschiede zwischen Winter und Sommer!)<\/p>\n\n\n\n<p><\/p>\n\n\n\n<p>Zur offiziellen Seite von <a href=\"https:\/\/www.loetschental.ch\/de\/\" target=\"_blank\" rel=\"noreferrer noopener\">L\u00f6tschental Tourismu<\/a><a href=\"https:\/\/www.loetschental.ch\/de\/\">s<\/a><\/p>\n","protected":false},"excerpt":{"rendered":"<p>G\u00e4stekarten werden vom Vermieter ausgestellt. F\u00fcr das Erstellen der G\u00e4stekarte sind die Namen der Teilnehmenden und die Dauer des Aufenthaltes wichtig. Preise: Stand Dezember 2025 Reduktionen sind dieser Seite zu entnehmen (Achtung: Unterschiede zwischen Winter und Sommer!) Zur offiziellen Seite von L\u00f6tschental Tourismus<\/p>\n","protected":false},"author":1,"featured_media":0,"parent":149,"menu_order":0,"comment_status":"closed","ping_status":"closed","template":"","meta":{"footnotes":""},"class_list":["post-960","page","type-page","status-publish","hentry","post-preview"],"_links":{"self":[{"href":"https:\/\/www.bletschuweg2.ch\/index.php?rest_route=\/wp\/v2\/pages\/960","targetHints":{"allow":["GET"]}}],"collection":[{"href":"https:\/\/www.bletschuweg2.ch\/index.php?rest_route=\/wp\/v2\/pages"}],"about":[{"href":"https:\/\/www.bletschuweg2.ch\/index.php?rest_route=\/wp\/v2\/types\/page"}],"author":[{"embeddable":true,"href":"https:\/\/www.bletschuweg2.ch\/index.php?rest_route=\/wp\/v2\/users\/1"}],"replies":[{"embeddable":true,"href":"https:\/\/www.bletschuweg2.ch\/index.php?rest_route=%2Fwp%2Fv2%2Fcomments&post=960"}],"version-history":[{"count":5,"href":"https:\/\/www.bletschuweg2.ch\/index.php?rest_route=\/wp\/v2\/pages\/960\/revisions"}],"predecessor-version":[{"id":988,"href":"https:\/\/www.bletschuweg2.ch\/index.php?rest_route=\/wp\/v2\/pages\/960\/revisions\/988"}],"up":[{"embeddable":true,"href":"https:\/\/www.bletschuweg2.ch\/index.php?rest_route=\/wp\/v2\/pages\/149"}],"wp:attachment":[{"href":"https:\/\/www.bletschuweg2.ch\/index.php?rest_route=%2Fwp%2Fv2%2Fmedia&parent=960"}],"curies":[{"name":"wp","href":"https:\/\/api.w.org\/{rel}","templated":true}]}}