{"id":954,"date":"2024-01-07T21:52:28","date_gmt":"2024-01-07T21:52:28","guid":{"rendered":"https:\/\/www.bletschuweg2.ch\/?page_id=954"},"modified":"2024-01-07T21:54:44","modified_gmt":"2024-01-07T21:54:44","slug":"keller","status":"publish","type":"page","link":"https:\/\/www.bletschuweg2.ch\/?page_id=954","title":{"rendered":"Keller"},"content":{"rendered":"\n<p>Der Kellerschl\u00fcssel h\u00e4ngt aussen an der WC-T\u00fcre. Es ist ein alt-ehrw\u00fcrdiger Schl\u00fcssel mit Bart. Dieser Schl\u00fcssel muss verkehrt herum ins Schloss gesteckt werden (Bart nach oben). Entsprechend muss auch in die &#8222;falsche&#8220; Richtung gedreht werden. Die T\u00fcre klemmt mal mehr, mal weniger. Es braucht durchaus ein bisschen Kraft zum \u00d6ffnen der T\u00fcre und zum Schliessen braucht es evtl. mehrere Versuche. Im Keller befinden sich Vorr\u00e4te (Nahrung, Getr\u00e4nke, WC-Papier, etc), Waschmaschine, K\u00fchl- und Gefrierschrank, Elektrogrill, Kerzen, Gasrechaud und Pfannen, Petrollaternen, Pellets zum Nachf\u00fcllen des Ofens, &#8230;<\/p>\n\n\n\n<p><\/p>\n\n\n\n<p><a href=\"https:\/\/www.bletschuweg2.ch\/\" data-type=\"page\" data-id=\"18\">zur\u00fcck zu &#8222;Wohnung&#8220;<\/a><\/p>\n","protected":false},"excerpt":{"rendered":"<p>Der Kellerschl\u00fcssel h\u00e4ngt aussen an der WC-T\u00fcre. Es ist ein alt-ehrw\u00fcrdiger Schl\u00fcssel mit Bart. Dieser Schl\u00fcssel muss verkehrt herum ins Schloss gesteckt werden (Bart nach oben). Entsprechend muss auch in die &#8222;falsche&#8220; Richtung gedreht werden. Die T\u00fcre klemmt mal mehr, mal weniger. Es braucht durchaus ein bisschen Kraft zum \u00d6ffnen der T\u00fcre und zum Schliessen [&hellip;]<\/p>\n","protected":false},"author":1,"featured_media":0,"parent":18,"menu_order":5,"comment_status":"closed","ping_status":"closed","template":"","meta":{"footnotes":""},"class_list":["post-954","page","type-page","status-publish","hentry","post-preview"],"_links":{"self":[{"href":"https:\/\/www.bletschuweg2.ch\/index.php?rest_route=\/wp\/v2\/pages\/954","targetHints":{"allow":["GET"]}}],"collection":[{"href":"https:\/\/www.bletschuweg2.ch\/index.php?rest_route=\/wp\/v2\/pages"}],"about":[{"href":"https:\/\/www.bletschuweg2.ch\/index.php?rest_route=\/wp\/v2\/types\/page"}],"author":[{"embeddable":true,"href":"https:\/\/www.bletschuweg2.ch\/index.php?rest_route=\/wp\/v2\/users\/1"}],"replies":[{"embeddable":true,"href":"https:\/\/www.bletschuweg2.ch\/index.php?rest_route=%2Fwp%2Fv2%2Fcomments&post=954"}],"version-history":[{"count":2,"href":"https:\/\/www.bletschuweg2.ch\/index.php?rest_route=\/wp\/v2\/pages\/954\/revisions"}],"predecessor-version":[{"id":958,"href":"https:\/\/www.bletschuweg2.ch\/index.php?rest_route=\/wp\/v2\/pages\/954\/revisions\/958"}],"up":[{"embeddable":true,"href":"https:\/\/www.bletschuweg2.ch\/index.php?rest_route=\/wp\/v2\/pages\/18"}],"wp:attachment":[{"href":"https:\/\/www.bletschuweg2.ch\/index.php?rest_route=%2Fwp%2Fv2%2Fmedia&parent=954"}],"curies":[{"name":"wp","href":"https:\/\/api.w.org\/{rel}","templated":true}]}}