{"id":952,"date":"2024-01-07T21:46:52","date_gmt":"2024-01-07T21:46:52","guid":{"rendered":"https:\/\/www.bletschuweg2.ch\/?page_id=952"},"modified":"2024-01-07T21:55:16","modified_gmt":"2024-01-07T21:55:16","slug":"waschen","status":"publish","type":"page","link":"https:\/\/www.bletschuweg2.ch\/?page_id=952","title":{"rendered":"Waschen"},"content":{"rendered":"\n<p>Im Keller befindet sich eine Waschmaschine. Diese darf benutzt werden. Vor dem Start der Maschine Stecker einstecken und Wasseranschluss \u00f6ffnen. Bitte nach dem Waschen die T\u00fcre der Maschine ge\u00f6ffnet lassen und Netzstecker ziehen\/ Wasserhahn schliessen.  <\/p>\n\n\n\n<p><a href=\"https:\/\/www.bletschuweg2.ch\/\" data-type=\"page\" data-id=\"18\">zur\u00fcck zu &#8222;Wohnung&#8220;<\/a><\/p>\n","protected":false},"excerpt":{"rendered":"<p>Im Keller befindet sich eine Waschmaschine. Diese darf benutzt werden. Vor dem Start der Maschine Stecker einstecken und Wasseranschluss \u00f6ffnen. Bitte nach dem Waschen die T\u00fcre der Maschine ge\u00f6ffnet lassen und Netzstecker ziehen\/ Wasserhahn schliessen. zur\u00fcck zu &#8222;Wohnung&#8220;<\/p>\n","protected":false},"author":1,"featured_media":0,"parent":18,"menu_order":0,"comment_status":"closed","ping_status":"closed","template":"","meta":{"footnotes":""},"class_list":["post-952","page","type-page","status-publish","hentry","post-preview"],"_links":{"self":[{"href":"https:\/\/www.bletschuweg2.ch\/index.php?rest_route=\/wp\/v2\/pages\/952","targetHints":{"allow":["GET"]}}],"collection":[{"href":"https:\/\/www.bletschuweg2.ch\/index.php?rest_route=\/wp\/v2\/pages"}],"about":[{"href":"https:\/\/www.bletschuweg2.ch\/index.php?rest_route=\/wp\/v2\/types\/page"}],"author":[{"embeddable":true,"href":"https:\/\/www.bletschuweg2.ch\/index.php?rest_route=\/wp\/v2\/users\/1"}],"replies":[{"embeddable":true,"href":"https:\/\/www.bletschuweg2.ch\/index.php?rest_route=%2Fwp%2Fv2%2Fcomments&post=952"}],"version-history":[{"count":2,"href":"https:\/\/www.bletschuweg2.ch\/index.php?rest_route=\/wp\/v2\/pages\/952\/revisions"}],"predecessor-version":[{"id":959,"href":"https:\/\/www.bletschuweg2.ch\/index.php?rest_route=\/wp\/v2\/pages\/952\/revisions\/959"}],"up":[{"embeddable":true,"href":"https:\/\/www.bletschuweg2.ch\/index.php?rest_route=\/wp\/v2\/pages\/18"}],"wp:attachment":[{"href":"https:\/\/www.bletschuweg2.ch\/index.php?rest_route=%2Fwp%2Fv2%2Fmedia&parent=952"}],"curies":[{"name":"wp","href":"https:\/\/api.w.org\/{rel}","templated":true}]}}