{"id":279,"date":"2023-12-31T16:12:33","date_gmt":"2023-12-31T16:12:33","guid":{"rendered":"https:\/\/www.bletschuweg2.ch\/?page_id=279"},"modified":"2024-01-05T15:29:12","modified_gmt":"2024-01-05T15:29:12","slug":"wandkonvektor","status":"publish","type":"page","link":"https:\/\/www.bletschuweg2.ch\/?page_id=279","title":{"rendered":"Wandkonvektor"},"content":{"rendered":"\n<p>Der Wandkonvektor in der K\u00fcche dient in erster Linie als Frostw\u00e4chter f\u00fcr den ganzen sanit\u00e4ren Bereich. Bei Ankunft und Abreise sollte der Konvektor auf dem Symbol Reisekoffer und auf der tiefsten Stufe (1 oder 2) eingestellt sein. Bitte Konvektor nie vom Stromnetz trennen! <\/p>\n\n\n\n<p>Braucht man den Konvektor zus\u00e4tzlich zum Heizen, schiebt man den Regler aufs Symbol Sonne und erh\u00f6ht beim W\u00e4hlrad auf die gew\u00fcnschte Stufe\/ Zahl. So hat man innert K\u00fcrze eine beachtliche Heizleistung. Vor Abreise Regler wieder zum Symbol Reisekoffer zur\u00fcckschieben. <\/p>\n\n\n\n<p>ACHTUNG: Keine Gegenst\u00e4nde direkt auf den Konvektor legen (Brandgefahr). <\/p>\n","protected":false},"excerpt":{"rendered":"<p>Der Wandkonvektor in der K\u00fcche dient in erster Linie als Frostw\u00e4chter f\u00fcr den ganzen sanit\u00e4ren Bereich. Bei Ankunft und Abreise sollte der Konvektor auf dem Symbol Reisekoffer und auf der tiefsten Stufe (1 oder 2) eingestellt sein. Bitte Konvektor nie vom Stromnetz trennen! Braucht man den Konvektor zus\u00e4tzlich zum Heizen, schiebt man den Regler aufs [&hellip;]<\/p>\n","protected":false},"author":1,"featured_media":0,"parent":125,"menu_order":0,"comment_status":"closed","ping_status":"closed","template":"","meta":{"footnotes":""},"class_list":["post-279","page","type-page","status-publish","hentry","post-preview"],"_links":{"self":[{"href":"https:\/\/www.bletschuweg2.ch\/index.php?rest_route=\/wp\/v2\/pages\/279","targetHints":{"allow":["GET"]}}],"collection":[{"href":"https:\/\/www.bletschuweg2.ch\/index.php?rest_route=\/wp\/v2\/pages"}],"about":[{"href":"https:\/\/www.bletschuweg2.ch\/index.php?rest_route=\/wp\/v2\/types\/page"}],"author":[{"embeddable":true,"href":"https:\/\/www.bletschuweg2.ch\/index.php?rest_route=\/wp\/v2\/users\/1"}],"replies":[{"embeddable":true,"href":"https:\/\/www.bletschuweg2.ch\/index.php?rest_route=%2Fwp%2Fv2%2Fcomments&post=279"}],"version-history":[{"count":2,"href":"https:\/\/www.bletschuweg2.ch\/index.php?rest_route=\/wp\/v2\/pages\/279\/revisions"}],"predecessor-version":[{"id":724,"href":"https:\/\/www.bletschuweg2.ch\/index.php?rest_route=\/wp\/v2\/pages\/279\/revisions\/724"}],"up":[{"embeddable":true,"href":"https:\/\/www.bletschuweg2.ch\/index.php?rest_route=\/wp\/v2\/pages\/125"}],"wp:attachment":[{"href":"https:\/\/www.bletschuweg2.ch\/index.php?rest_route=%2Fwp%2Fv2%2Fmedia&parent=279"}],"curies":[{"name":"wp","href":"https:\/\/api.w.org\/{rel}","templated":true}]}}