{"id":258,"date":"2023-12-31T13:12:40","date_gmt":"2023-12-31T13:12:40","guid":{"rendered":"https:\/\/www.bletschuweg2.ch\/?page_id=258"},"modified":"2025-12-23T20:18:35","modified_gmt":"2025-12-23T20:18:35","slug":"pelletofen","status":"publish","type":"page","link":"https:\/\/www.bletschuweg2.ch\/?page_id=258","title":{"rendered":"Pelletofen"},"content":{"rendered":"\n<p>Vollst\u00e4ndige Beschreibung: <a href=\"https:\/\/www.bletschuweg2.ch\/wp-content\/uploads\/2023\/12\/Bedienung-Pelletofen-RIKA-DOMO-Multiair.pdf\" data-type=\"attachment\" data-id=\"260\">Download als pdf<\/a><\/p>\n\n\n\n<p>Der Pelletofen (RIKA DOMO Multiair) kann vom Vermieter \u00fcber Fernsteuerung bedient werden, daher bitte auf keinen Fall brennbare Gegenst\u00e4nde drauflegen!<\/p>\n\n\n\n<p>Der Pellettank befindet sich (wenn man vor dem Ofen steht) auf der rechten Seite.   Pelletss\u00e4cke liegen im Keller (vis-\u00e0-vis Kellereingangsgt\u00fcre). Pellettank immer bei Abreise +\/- auff\u00fcllen. <\/p>\n\n\n\n<p>Auf der rechten Seite des Ofens ist ein Touch-Bedienfeld zu finden. <\/p>\n\n\n\n<figure class=\"wp-block-image size-full\"><img loading=\"lazy\" decoding=\"async\" width=\"685\" height=\"568\" src=\"https:\/\/www.bletschuweg2.ch\/wp-content\/uploads\/2023\/12\/Bild1.jpg\" alt=\"\" class=\"wp-image-264\" srcset=\"https:\/\/www.bletschuweg2.ch\/wp-content\/uploads\/2023\/12\/Bild1.jpg 685w, https:\/\/www.bletschuweg2.ch\/wp-content\/uploads\/2023\/12\/Bild1-300x249.jpg 300w, https:\/\/www.bletschuweg2.ch\/wp-content\/uploads\/2023\/12\/Bild1-676x561.jpg 676w\" sizes=\"auto, (max-width: 685px) 100vw, 685px\" \/><\/figure>\n\n\n\n<p>Menu<\/p>\n\n\n\n<figure class=\"wp-block-image size-full\"><img loading=\"lazy\" decoding=\"async\" width=\"436\" height=\"529\" src=\"https:\/\/www.bletschuweg2.ch\/wp-content\/uploads\/2023\/12\/Bild2.jpg\" alt=\"\" class=\"wp-image-266\" srcset=\"https:\/\/www.bletschuweg2.ch\/wp-content\/uploads\/2023\/12\/Bild2.jpg 436w, https:\/\/www.bletschuweg2.ch\/wp-content\/uploads\/2023\/12\/Bild2-247x300.jpg 247w\" sizes=\"auto, (max-width: 436px) 100vw, 436px\" \/><\/figure>\n\n\n\n<figure class=\"wp-block-image size-full\"><img loading=\"lazy\" decoding=\"async\" width=\"442\" height=\"156\" src=\"https:\/\/www.bletschuweg2.ch\/wp-content\/uploads\/2023\/12\/Bild3.jpg\" alt=\"\" class=\"wp-image-267\" srcset=\"https:\/\/www.bletschuweg2.ch\/wp-content\/uploads\/2023\/12\/Bild3.jpg 442w, https:\/\/www.bletschuweg2.ch\/wp-content\/uploads\/2023\/12\/Bild3-300x106.jpg 300w\" sizes=\"auto, (max-width: 442px) 100vw, 442px\" \/><\/figure>\n\n\n\n<p>Komfort-Modus<\/p>\n\n\n\n<p>Wir empfehlen haupts\u00e4chlich den Komfortmodus! Der Raumsensor befindet sich an der Stubenwand neben dem Buffet. Gew\u00fcnschte Temperatur einstellen \u2013 und der Ofen heizt automatisch. Der Ofen heizt auch w\u00e4hrend der Nacht, wenn die Temperatur unter den gew\u00fcnschten Wert sinkt. Wenn Leute in der Stube schlafen, empfiehlt es sich, den Multi-Air auszuschalten. Dieser Zusatz erzeugt recht laute Ventilationsger\u00e4usche (er bl\u00e4st warme Luft vom Stubenofen durch die R\u00f6hre in der Wand in die K\u00fcche).<\/p>\n\n\n\n<p>Beim Verlassen der Wohnung (f\u00fcr l\u00e4ngere Zeit) evtl. Temperatur hinunterstellen.<\/p>\n\n\n\n<p><\/p>\n\n\n\n<figure class=\"wp-block-image size-full\"><img loading=\"lazy\" decoding=\"async\" width=\"436\" height=\"337\" src=\"https:\/\/www.bletschuweg2.ch\/wp-content\/uploads\/2023\/12\/Komfort-Modus.jpg\" alt=\"\" class=\"wp-image-268\" srcset=\"https:\/\/www.bletschuweg2.ch\/wp-content\/uploads\/2023\/12\/Komfort-Modus.jpg 436w, https:\/\/www.bletschuweg2.ch\/wp-content\/uploads\/2023\/12\/Komfort-Modus-300x232.jpg 300w\" sizes=\"auto, (max-width: 436px) 100vw, 436px\" \/><\/figure>\n\n\n\n<p><a href=\"https:\/\/www.bletschuweg2.ch\/?page_id=125\" data-type=\"page\" data-id=\"125\">zur\u00fcck zu Heizen<\/a><\/p>\n","protected":false},"excerpt":{"rendered":"<p>Vollst\u00e4ndige Beschreibung: Download als pdf Der Pelletofen (RIKA DOMO Multiair) kann vom Vermieter \u00fcber Fernsteuerung bedient werden, daher bitte auf keinen Fall brennbare Gegenst\u00e4nde drauflegen! Der Pellettank befindet sich (wenn man vor dem Ofen steht) auf der rechten Seite. Pelletss\u00e4cke liegen im Keller (vis-\u00e0-vis Kellereingangsgt\u00fcre). Pellettank immer bei Abreise +\/- auff\u00fcllen. Auf der rechten Seite [&hellip;]<\/p>\n","protected":false},"author":1,"featured_media":0,"parent":125,"menu_order":0,"comment_status":"closed","ping_status":"closed","template":"","meta":{"footnotes":""},"class_list":["post-258","page","type-page","status-publish","hentry","post-preview"],"_links":{"self":[{"href":"https:\/\/www.bletschuweg2.ch\/index.php?rest_route=\/wp\/v2\/pages\/258","targetHints":{"allow":["GET"]}}],"collection":[{"href":"https:\/\/www.bletschuweg2.ch\/index.php?rest_route=\/wp\/v2\/pages"}],"about":[{"href":"https:\/\/www.bletschuweg2.ch\/index.php?rest_route=\/wp\/v2\/types\/page"}],"author":[{"embeddable":true,"href":"https:\/\/www.bletschuweg2.ch\/index.php?rest_route=\/wp\/v2\/users\/1"}],"replies":[{"embeddable":true,"href":"https:\/\/www.bletschuweg2.ch\/index.php?rest_route=%2Fwp%2Fv2%2Fcomments&post=258"}],"version-history":[{"count":8,"href":"https:\/\/www.bletschuweg2.ch\/index.php?rest_route=\/wp\/v2\/pages\/258\/revisions"}],"predecessor-version":[{"id":981,"href":"https:\/\/www.bletschuweg2.ch\/index.php?rest_route=\/wp\/v2\/pages\/258\/revisions\/981"}],"up":[{"embeddable":true,"href":"https:\/\/www.bletschuweg2.ch\/index.php?rest_route=\/wp\/v2\/pages\/125"}],"wp:attachment":[{"href":"https:\/\/www.bletschuweg2.ch\/index.php?rest_route=%2Fwp%2Fv2%2Fmedia&parent=258"}],"curies":[{"name":"wp","href":"https:\/\/api.w.org\/{rel}","templated":true}]}}