{"id":253,"date":"2023-12-31T12:54:13","date_gmt":"2023-12-31T12:54:13","guid":{"rendered":"https:\/\/www.bletschuweg2.ch\/?page_id=253"},"modified":"2024-01-05T15:29:42","modified_gmt":"2024-01-05T15:29:42","slug":"trittofen","status":"publish","type":"page","link":"https:\/\/www.bletschuweg2.ch\/?page_id=253","title":{"rendered":"Trittofen"},"content":{"rendered":"\n<p>Der Trittofen (die L\u00f6tschentaler sprechen vom Giltsteinofen) ist mit der Jahrzahl 1892 versehen. Er wird in der K\u00fcche (neben der Dusche) eingefeuert. Die W\u00e4rmeabstrahlung erfolgt zum gr\u00f6sseren Teil in der Stube, zu einem kleineren Teil aber auch in die Schlafstube.  Der Ofen braucht lange zum Warmwerden, wird dann aber recht warm (oder sogar heiss) und strahlt \u00fcber lange Zeit W\u00e4rme ab. <strong>Bitte schauen, dass keine Gegenst\u00e4nde (Koffern, Duvets, Handschuhe, etc. den Ofen ber\u00fchren. <\/strong><\/p>\n\n\n\n<p>Einfeuern: Die Klappe am Rauchrohr vom Ofen zum Kamin sollte im Normalfall bei Nichtgebrauch geschlossen sein (quer zum Rohr). Diese Klappe muss f\u00fcr den Betrieb ge\u00f6ffnet werden (Vierteldrehung; Halter schaut nun in Rohrrichtung). Dann wird das &#8222;Ofent\u00f6ri&#8220; ge\u00f6ffnet; zum Anfeuern etwas fein gespaltenes Holz in den Ofen legen. Anz\u00fcndhilfe anz\u00fcnden und in den Ofen legen. <strong>&#8222;Ofent\u00f6ri&#8220; nicht ganz schliessen<\/strong>, sonst wird der Luftzug unterbrochen und das Feuer erstickt.<\/p>\n\n\n\n<p>Gr\u00f6beres Holz nachlegen. Nicht zu schnell\/ zu viel nachlegen, sonst wird der Ofen viel zu heiss. <\/p>\n\n\n\n<p>Sollte der Luftzug zu stark sein, kann dies mit dem Schliessen vom &#8222;Ofent\u00f6ri&#8220; reguliert werden. <\/p>\n\n\n\n<p>Unser Brennholz befindet sich draussen unter der Laube.<\/p>\n\n\n\n<p><a href=\"https:\/\/www.bletschuweg2.ch\/?page_id=125\" data-type=\"page\" data-id=\"125\">zur\u00fcck zu Heizen<\/a><\/p>\n","protected":false},"excerpt":{"rendered":"<p>Der Trittofen (die L\u00f6tschentaler sprechen vom Giltsteinofen) ist mit der Jahrzahl 1892 versehen. Er wird in der K\u00fcche (neben der Dusche) eingefeuert. Die W\u00e4rmeabstrahlung erfolgt zum gr\u00f6sseren Teil in der Stube, zu einem kleineren Teil aber auch in die Schlafstube. Der Ofen braucht lange zum Warmwerden, wird dann aber recht warm (oder sogar heiss) und [&hellip;]<\/p>\n","protected":false},"author":1,"featured_media":0,"parent":125,"menu_order":0,"comment_status":"closed","ping_status":"closed","template":"","meta":{"footnotes":""},"class_list":["post-253","page","type-page","status-publish","hentry","post-preview"],"_links":{"self":[{"href":"https:\/\/www.bletschuweg2.ch\/index.php?rest_route=\/wp\/v2\/pages\/253","targetHints":{"allow":["GET"]}}],"collection":[{"href":"https:\/\/www.bletschuweg2.ch\/index.php?rest_route=\/wp\/v2\/pages"}],"about":[{"href":"https:\/\/www.bletschuweg2.ch\/index.php?rest_route=\/wp\/v2\/types\/page"}],"author":[{"embeddable":true,"href":"https:\/\/www.bletschuweg2.ch\/index.php?rest_route=\/wp\/v2\/users\/1"}],"replies":[{"embeddable":true,"href":"https:\/\/www.bletschuweg2.ch\/index.php?rest_route=%2Fwp%2Fv2%2Fcomments&post=253"}],"version-history":[{"count":2,"href":"https:\/\/www.bletschuweg2.ch\/index.php?rest_route=\/wp\/v2\/pages\/253\/revisions"}],"predecessor-version":[{"id":257,"href":"https:\/\/www.bletschuweg2.ch\/index.php?rest_route=\/wp\/v2\/pages\/253\/revisions\/257"}],"up":[{"embeddable":true,"href":"https:\/\/www.bletschuweg2.ch\/index.php?rest_route=\/wp\/v2\/pages\/125"}],"wp:attachment":[{"href":"https:\/\/www.bletschuweg2.ch\/index.php?rest_route=%2Fwp%2Fv2%2Fmedia&parent=253"}],"curies":[{"name":"wp","href":"https:\/\/api.w.org\/{rel}","templated":true}]}}