{"id":183,"date":"2019-05-05T15:15:36","date_gmt":"2019-05-05T15:15:36","guid":{"rendered":"http:\/\/www.bletschuweg2.ch\/?page_id=183"},"modified":"2025-12-23T21:40:41","modified_gmt":"2025-12-23T21:40:41","slug":"abfallentsorgung","status":"publish","type":"page","link":"https:\/\/www.bletschuweg2.ch\/?page_id=183","title":{"rendered":"Abfallentsorgung"},"content":{"rendered":"\n<p>Oben im Dorf (neben der B\u00e4ckerei) befindet sich eine Abfallsammelstelle. <\/p>\n\n\n\n<p>Glas, Blech, PET-Flaschen, Kehricht k\u00f6nnen dort entsorgt werden. <\/p>\n\n\n\n<p>Karton und Papier werden nur an speziellen <a href=\"https:\/\/www.bletschuweg2.ch\/wp-content\/uploads\/2025\/12\/Abfallkalender-2026.pdf\" target=\"_blank\" rel=\"noreferrer noopener\">Tagen<\/a> eingesammelt und d\u00fcrfen nicht vordeponiert werden.<\/p>\n\n\n\n<p>K\u00fcchenabf\u00e4lle m\u00fcssen leider im Hauskehricht entsorgt werden. <\/p>\n\n\n\n<p><\/p>\n","protected":false},"excerpt":{"rendered":"<p>Oben im Dorf (neben der B\u00e4ckerei) befindet sich eine Abfallsammelstelle. Glas, Blech, PET-Flaschen, Kehricht k\u00f6nnen dort entsorgt werden. Karton und Papier werden nur an speziellen Tagen eingesammelt und d\u00fcrfen nicht vordeponiert werden. K\u00fcchenabf\u00e4lle m\u00fcssen leider im Hauskehricht entsorgt werden.<\/p>\n","protected":false},"author":1,"featured_media":0,"parent":0,"menu_order":0,"comment_status":"closed","ping_status":"closed","template":"template-fullwidth.php","meta":{"footnotes":""},"class_list":["post-183","page","type-page","status-publish","hentry","post-preview"],"_links":{"self":[{"href":"https:\/\/www.bletschuweg2.ch\/index.php?rest_route=\/wp\/v2\/pages\/183","targetHints":{"allow":["GET"]}}],"collection":[{"href":"https:\/\/www.bletschuweg2.ch\/index.php?rest_route=\/wp\/v2\/pages"}],"about":[{"href":"https:\/\/www.bletschuweg2.ch\/index.php?rest_route=\/wp\/v2\/types\/page"}],"author":[{"embeddable":true,"href":"https:\/\/www.bletschuweg2.ch\/index.php?rest_route=\/wp\/v2\/users\/1"}],"replies":[{"embeddable":true,"href":"https:\/\/www.bletschuweg2.ch\/index.php?rest_route=%2Fwp%2Fv2%2Fcomments&post=183"}],"version-history":[{"count":3,"href":"https:\/\/www.bletschuweg2.ch\/index.php?rest_route=\/wp\/v2\/pages\/183\/revisions"}],"predecessor-version":[{"id":1001,"href":"https:\/\/www.bletschuweg2.ch\/index.php?rest_route=\/wp\/v2\/pages\/183\/revisions\/1001"}],"wp:attachment":[{"href":"https:\/\/www.bletschuweg2.ch\/index.php?rest_route=%2Fwp%2Fv2%2Fmedia&parent=183"}],"curies":[{"name":"wp","href":"https:\/\/api.w.org\/{rel}","templated":true}]}}