{"id":18,"date":"2019-04-08T20:24:22","date_gmt":"2019-04-08T20:24:22","guid":{"rendered":"http:\/\/www.bletschuweg2.ch\/?page_id=18"},"modified":"2025-12-23T20:23:54","modified_gmt":"2025-12-23T20:23:54","slug":"ueber-mich","status":"publish","type":"page","link":"https:\/\/www.bletschuweg2.ch\/","title":{"rendered":"Wohnung"},"content":{"rendered":"\n<p><\/p>\n\n\n<p>Die Wohnung befindet sich mitten im alten Kern Kippels und besteht aus 3 Zimmern und einem Keller.\u00a0<\/p>\n<p>Das Konstruktionsholz datiert laut einem dendrochronologischen Gutachten aus dem 15. Jahrhundert. Die Wohnung wurde 2018 bis 2021 umfassend renoviert.<\/p>\n<p>F\u00fcr den Aufenthalt im Freien ist eine Laube vorhanden. Es gibt keinen zur Wohnung geh\u00f6renden Parkplatz; \u00f6ffentliche Parkpl\u00e4tze sind kostenpflichtig.<\/p>\n<p>Am k\u00fcrzesten Tag werden die Sonnenstrahlen von der s\u00fcdlich gelegenen Bergkette praktisch vollst\u00e4ndig aufgehalten; Sonne gibts nur weiter oben im Dorf\/ am H\u00fcgel. Im Winter wird nur der K\u00fcchen- resp- Sanit\u00e4rbereich frostfrei gehalten; Stube und Schlafzimmer werden nur beheizt, wenn sie bewohnt sind.\u00a0<\/p>\n<p>Im Eingangsraum befinden sich K\u00fcche, Dusche und Garderobe. Das Mittelzimmer wird als Esszimmer und Stube genutzt. Hier befindet sich auch der Pelletofen.\u00a0<\/p>\n<p>Die Wohnung ist mit 6 Betten ausgestattet (davon 1 Bett in luftiger H\u00f6he&#8230;), bei Bedarf k\u00f6nnen 2 weitere Matratzen ausgelegt werden.\u00a0<\/p>\n<p><a href=\"https:\/\/www.bletschuweg2.ch\/?page_id=166\" target=\"_blank\" rel=\"noopener\">Lage in Kippel\u00a0<\/a> \u00a0 \u00a0 \u00a0 \u00a0 \u00a0 \u00a0 <a href=\"https:\/\/www.bletschuweg2.ch\/?page_id=120\" target=\"_blank\" rel=\"noopener\">Schlafen<\/a>\u00a0 \u00a0 \u00a0 \u00a0 \u00a0 <a href=\"https:\/\/www.bletschuweg2.ch\/?page_id=125\" target=\"_blank\" rel=\"noopener\">Heizen<\/a>\u00a0 \u00a0 \u00a0 \u00a0 \u00a0 \u00a0 \u00a0 <a href=\"https:\/\/www.bletschuweg2.ch\/?page_id=122\" target=\"_blank\" rel=\"noopener\">Kochen<\/a> \u00a0\u00a0\u00a0\u00a0\u00a0\u00a0\u00a0\u00a0\u00a0\u00a0\u00a0\u00a0\u00a0<a href=\"https:\/\/www.bletschuweg2.ch\/?page_id=954\" target=\"_blank\" rel=\"noopener\">Keller<\/a>\u00a0 \u00a0 \u00a0 \u00a0 \u00a0 \u00a0 \u00a0<a href=\"https:\/\/www.bletschuweg2.ch\/?page_id=952\" target=\"_blank\" rel=\"noopener\">Waschen<\/a><\/p>\n\n\n<p><br><\/p>\n\n\n\n<p><\/p>\n","protected":false},"excerpt":{"rendered":"<p>Die Wohnung befindet sich mitten im alten Kern Kippels und besteht aus 3 Zimmern und einem Keller.\u00a0 Das Konstruktionsholz datiert laut einem dendrochronologischen Gutachten aus dem 15. Jahrhundert. Die Wohnung wurde 2018 bis 2021 umfassend renoviert. F\u00fcr den Aufenthalt im Freien ist eine Laube vorhanden. Es gibt keinen zur Wohnung geh\u00f6renden Parkplatz; \u00f6ffentliche Parkpl\u00e4tze sind [&hellip;]<\/p>\n","protected":false},"author":1,"featured_media":0,"parent":0,"menu_order":1,"comment_status":"closed","ping_status":"closed","template":"","meta":{"footnotes":""},"class_list":["post-18","page","type-page","status-publish","hentry","post-preview"],"_links":{"self":[{"href":"https:\/\/www.bletschuweg2.ch\/index.php?rest_route=\/wp\/v2\/pages\/18","targetHints":{"allow":["GET"]}}],"collection":[{"href":"https:\/\/www.bletschuweg2.ch\/index.php?rest_route=\/wp\/v2\/pages"}],"about":[{"href":"https:\/\/www.bletschuweg2.ch\/index.php?rest_route=\/wp\/v2\/types\/page"}],"author":[{"embeddable":true,"href":"https:\/\/www.bletschuweg2.ch\/index.php?rest_route=\/wp\/v2\/users\/1"}],"replies":[{"embeddable":true,"href":"https:\/\/www.bletschuweg2.ch\/index.php?rest_route=%2Fwp%2Fv2%2Fcomments&post=18"}],"version-history":[{"count":18,"href":"https:\/\/www.bletschuweg2.ch\/index.php?rest_route=\/wp\/v2\/pages\/18\/revisions"}],"predecessor-version":[{"id":986,"href":"https:\/\/www.bletschuweg2.ch\/index.php?rest_route=\/wp\/v2\/pages\/18\/revisions\/986"}],"wp:attachment":[{"href":"https:\/\/www.bletschuweg2.ch\/index.php?rest_route=%2Fwp%2Fv2%2Fmedia&parent=18"}],"curies":[{"name":"wp","href":"https:\/\/api.w.org\/{rel}","templated":true}]}}