{"id":173,"date":"2019-05-05T14:59:39","date_gmt":"2019-05-05T14:59:39","guid":{"rendered":"http:\/\/www.bletschuweg2.ch\/?page_id=173"},"modified":"2025-12-23T20:10:50","modified_gmt":"2025-12-23T20:10:50","slug":"anreise","status":"publish","type":"page","link":"https:\/\/www.bletschuweg2.ch\/?page_id=173","title":{"rendered":"Anreise"},"content":{"rendered":"\n<p><strong>Anreise mit \u00f6V:<\/strong><\/p>\n\n\n\n<p>Ab Goppenstein das Postauto Richtung Wiler besteigen. Seit dem Bergsturz ist die Strecke Wiler-Blatten-Fafleralp gesperrt und deshalb ist Wiler-Gstein\u00e4t als Enddestination angegeben. Das Postauto f\u00e4hrt jede Stunde einmal, die Fahrt von Goppenstein nach Kippel dauert 10 Minuten.<\/p>\n\n\n\n<p>Um zur Ferienwohnung zu gelangen, verl\u00e4sst man das Postauto entweder an der Haltestelle Kippel Dorf oder Kippel Altersheim. Kippel Altersheim ist etwas n\u00e4her an der Wohnung. Von beiden Haltestellen ist die Wohnung in weniger als 5 Minuten zu erreichen.<\/p>\n\n\n\n<p><strong>Anreise mit dem Privatauto (oder Velo\/ T\u00f6ff\/&#8230;)<\/strong><\/p>\n\n\n\n<p>Anreise via Kandersteg durch den L\u00f6tschbergtunnel. Allgemeine Infos unter <a href=\"https:\/\/www.bls.ch\/de\/fahren\/unterwegs-mit\/autoverlad\/kandersteg-goppenstein\" target=\"_blank\" rel=\"noreferrer noopener\">Autoverlad L\u00f6tschberg<\/a>.<\/p>\n\n\n\n<p>Infos zum Fahrplan finden sich <a href=\"https:\/\/www.bls.ch\/de\/fahren\/autoverlad\" target=\"_blank\" rel=\"noreferrer noopener\">hier<\/a>. <\/p>\n\n\n\n<p><a href=\"https:\/\/autoverlad-ticketshop.bls.ch\/BLS_ticketshop.aspx?strecke=KaGo&amp;lang=de-de\" target=\"_blank\" rel=\"noreferrer noopener\">Online-Tickets<\/a> sind etwas g\u00fcnstiger&#8230;<\/p>\n\n\n\n<p>In Goppenstein Richtung L\u00f6tschental abbiegen (talaufw\u00e4rts), anstatt ins Rhonetal hinunterzufahren. Nach Ferden weiterfahren bis nach Kippel. <\/p>\n\n\n\n<p>Zum Parkplatz unten im Dorf (5 Pl\u00e4tze) biegt man unmittelbar nach dem Tunnel zwischen Ferden und Kippel (vis-\u00e0-vis Garage) rechts ab. <\/p>\n\n\n\n<p>Das Parkhaus ist links der Hauptstrasse am Dorfausgang Richtung Wiler<\/p>\n\n\n\n<p><\/p>\n\n\n\n<p>Weitere Infos finden sich auf der <a href=\"https:\/\/www.loetschental.ch\/de\/info-service\/anreise-und-mobilitaet?highlighting=anreise\" target=\"_blank\" rel=\"noreferrer noopener\">offiziellen Seite von L\u00f6tschental Tourismus.<\/a><\/p>\n\n\n\n<p><br><\/p>\n\n\n\n<p><\/p>\n","protected":false},"excerpt":{"rendered":"<p>Anreise mit \u00f6V: Ab Goppenstein das Postauto Richtung Wiler besteigen. Seit dem Bergsturz ist die Strecke Wiler-Blatten-Fafleralp gesperrt und deshalb ist Wiler-Gstein\u00e4t als Enddestination angegeben. Das Postauto f\u00e4hrt jede Stunde einmal, die Fahrt von Goppenstein nach Kippel dauert 10 Minuten. Um zur Ferienwohnung zu gelangen, verl\u00e4sst man das Postauto entweder an der Haltestelle Kippel Dorf [&hellip;]<\/p>\n","protected":false},"author":1,"featured_media":0,"parent":0,"menu_order":0,"comment_status":"closed","ping_status":"closed","template":"template-fullwidth.php","meta":{"footnotes":""},"class_list":["post-173","page","type-page","status-publish","hentry","post-preview"],"_links":{"self":[{"href":"https:\/\/www.bletschuweg2.ch\/index.php?rest_route=\/wp\/v2\/pages\/173","targetHints":{"allow":["GET"]}}],"collection":[{"href":"https:\/\/www.bletschuweg2.ch\/index.php?rest_route=\/wp\/v2\/pages"}],"about":[{"href":"https:\/\/www.bletschuweg2.ch\/index.php?rest_route=\/wp\/v2\/types\/page"}],"author":[{"embeddable":true,"href":"https:\/\/www.bletschuweg2.ch\/index.php?rest_route=\/wp\/v2\/users\/1"}],"replies":[{"embeddable":true,"href":"https:\/\/www.bletschuweg2.ch\/index.php?rest_route=%2Fwp%2Fv2%2Fcomments&post=173"}],"version-history":[{"count":17,"href":"https:\/\/www.bletschuweg2.ch\/index.php?rest_route=\/wp\/v2\/pages\/173\/revisions"}],"predecessor-version":[{"id":978,"href":"https:\/\/www.bletschuweg2.ch\/index.php?rest_route=\/wp\/v2\/pages\/173\/revisions\/978"}],"wp:attachment":[{"href":"https:\/\/www.bletschuweg2.ch\/index.php?rest_route=%2Fwp%2Fv2%2Fmedia&parent=173"}],"curies":[{"name":"wp","href":"https:\/\/api.w.org\/{rel}","templated":true}]}}