{"id":125,"date":"2019-05-04T15:33:54","date_gmt":"2019-05-04T15:33:54","guid":{"rendered":"http:\/\/www.bletschuweg2.ch\/?page_id=125"},"modified":"2024-01-05T15:30:24","modified_gmt":"2024-01-05T15:30:24","slug":"heizen","status":"publish","type":"page","link":"https:\/\/www.bletschuweg2.ch\/?page_id=125","title":{"rendered":"Heizen"},"content":{"rendered":"\n<p>In der Wohnung befinden sich 4 M\u00f6glichkeiten zum Heizen:<\/p>\n\n\n\n<p><a href=\"https:\/\/www.bletschuweg2.ch\/?page_id=253\" data-type=\"page\" data-id=\"253\" target=\"_blank\" rel=\"noreferrer noopener\">Trittofen  (St\u00fcckgut Holz)<\/a><\/p>\n\n\n\n<p><a href=\"https:\/\/www.bletschuweg2.ch\/?page_id=258\" data-type=\"page\" data-id=\"258\">Pelletofen (Holzpellets)<\/a><\/p>\n\n\n\n<p><a href=\"https:\/\/www.bletschuweg2.ch\/?page_id=279\" data-type=\"page\" data-id=\"279\" target=\"_blank\" rel=\"noreferrer noopener\">Wandkonvektor<\/a><\/p>\n\n\n\n<p>Heizl\u00fcfter mobil (Elektro)<\/p>\n\n\n\n<p><\/p>\n","protected":false},"excerpt":{"rendered":"<p>In der Wohnung befinden sich 4 M\u00f6glichkeiten zum Heizen: Trittofen (St\u00fcckgut Holz) Pelletofen (Holzpellets) Wandkonvektor Heizl\u00fcfter mobil (Elektro)<\/p>\n","protected":false},"author":1,"featured_media":0,"parent":18,"menu_order":2,"comment_status":"closed","ping_status":"closed","template":"","meta":{"footnotes":""},"class_list":["post-125","page","type-page","status-publish","hentry","post-preview"],"_links":{"self":[{"href":"https:\/\/www.bletschuweg2.ch\/index.php?rest_route=\/wp\/v2\/pages\/125","targetHints":{"allow":["GET"]}}],"collection":[{"href":"https:\/\/www.bletschuweg2.ch\/index.php?rest_route=\/wp\/v2\/pages"}],"about":[{"href":"https:\/\/www.bletschuweg2.ch\/index.php?rest_route=\/wp\/v2\/types\/page"}],"author":[{"embeddable":true,"href":"https:\/\/www.bletschuweg2.ch\/index.php?rest_route=\/wp\/v2\/users\/1"}],"replies":[{"embeddable":true,"href":"https:\/\/www.bletschuweg2.ch\/index.php?rest_route=%2Fwp%2Fv2%2Fcomments&post=125"}],"version-history":[{"count":9,"href":"https:\/\/www.bletschuweg2.ch\/index.php?rest_route=\/wp\/v2\/pages\/125\/revisions"}],"predecessor-version":[{"id":726,"href":"https:\/\/www.bletschuweg2.ch\/index.php?rest_route=\/wp\/v2\/pages\/125\/revisions\/726"}],"up":[{"embeddable":true,"href":"https:\/\/www.bletschuweg2.ch\/index.php?rest_route=\/wp\/v2\/pages\/18"}],"wp:attachment":[{"href":"https:\/\/www.bletschuweg2.ch\/index.php?rest_route=%2Fwp%2Fv2%2Fmedia&parent=125"}],"curies":[{"name":"wp","href":"https:\/\/api.w.org\/{rel}","templated":true}]}}