{"id":122,"date":"2019-05-03T21:16:57","date_gmt":"2019-05-03T21:16:57","guid":{"rendered":"http:\/\/www.bletschuweg2.ch\/?page_id=122"},"modified":"2025-12-23T20:20:13","modified_gmt":"2025-12-23T20:20:13","slug":"kochen","status":"publish","type":"page","link":"https:\/\/www.bletschuweg2.ch\/?page_id=122","title":{"rendered":"Kochen"},"content":{"rendered":"\n<p><strong>Bitte Handt\u00fccher, Geschirrt\u00fccher und Abwaschlappen selber mitnehmen<\/strong>.<\/p>\n\n\n\n<p>In der K\u00fcche findet man eine Grundausr\u00fcstung f\u00fcrs Kochen. Pfannen, Kochgeschirr und viele n\u00fctzliche Kochger\u00e4te stehen zur Verf\u00fcgung. Das Essbesteck befindet sich in einer Schublade in der K\u00fcche.<\/p>\n\n\n\n<p> Das Essgeschirr ist im Buffet in der Stube verstaut.<\/p>\n\n\n\n<p>Im Eckm\u00f6bel hinter dem Esstisch ist der Racletteofen und ein Fondueset verstaut.  <\/p>\n\n\n\n<p>Nebst Kochherd, Backofen steht ein Geschirrsp\u00fcler zur Verf\u00fcgung. Ein kleinerer K\u00fchlschrank steht seit Herbst 2025 in der K\u00fcche vor dem Kamin. Eine gr\u00f6ssere Kombination aus K\u00fchl- und Gefrierschrank befindet sich im Keller.<\/p>\n\n\n\n<p>Ebenfalls im Keller findet sich ein Grill. Feuern ist im Sommer im Wallis meistens verboten, daher haben wir uns f\u00fcr einen Elektrogrill entschieden. <\/p>\n\n\n\n<p>Eine Kaffeemaschine mit delizio-Kapseln ist vorhanden; gr\u00f6ssere Mengen an Kapseln bitte nach M\u00f6glichkeit ersetzen (oder vorg\u00e4ngig einkaufen und mitnehmen). Diese Kapseln hat die Migros im Sortiment. <\/p>\n\n\n\n<p>Sollte mal kein el. Strom verf\u00fcgbar sein: Im Keller steht f\u00fcr den Notfall ein Gasrechaud inkl. Pfannen zur Verf\u00fcgung. Zudem sind auch im Keller einige Kisten mit Vorr\u00e4ten zu finden. Diese d\u00fcrfen (auch ausserhalb eines Notfalls) gebraucht werden; bitte Produkte nach M\u00f6glichkeit ersetzen. <\/p>\n\n\n\n<p><a href=\"https:\/\/www.bletschuweg2.ch\/\" data-type=\"page\" data-id=\"18\">zur\u00fcck zu Kochen<\/a><\/p>\n","protected":false},"excerpt":{"rendered":"<p>Bitte Handt\u00fccher, Geschirrt\u00fccher und Abwaschlappen selber mitnehmen. In der K\u00fcche findet man eine Grundausr\u00fcstung f\u00fcrs Kochen. Pfannen, Kochgeschirr und viele n\u00fctzliche Kochger\u00e4te stehen zur Verf\u00fcgung. Das Essbesteck befindet sich in einer Schublade in der K\u00fcche. Das Essgeschirr ist im Buffet in der Stube verstaut. Im Eckm\u00f6bel hinter dem Esstisch ist der Racletteofen und ein Fondueset [&hellip;]<\/p>\n","protected":false},"author":1,"featured_media":0,"parent":18,"menu_order":2,"comment_status":"closed","ping_status":"closed","template":"template-fullwidth.php","meta":{"footnotes":""},"class_list":["post-122","page","type-page","status-publish","hentry","post-preview"],"_links":{"self":[{"href":"https:\/\/www.bletschuweg2.ch\/index.php?rest_route=\/wp\/v2\/pages\/122","targetHints":{"allow":["GET"]}}],"collection":[{"href":"https:\/\/www.bletschuweg2.ch\/index.php?rest_route=\/wp\/v2\/pages"}],"about":[{"href":"https:\/\/www.bletschuweg2.ch\/index.php?rest_route=\/wp\/v2\/types\/page"}],"author":[{"embeddable":true,"href":"https:\/\/www.bletschuweg2.ch\/index.php?rest_route=\/wp\/v2\/users\/1"}],"replies":[{"embeddable":true,"href":"https:\/\/www.bletschuweg2.ch\/index.php?rest_route=%2Fwp%2Fv2%2Fcomments&post=122"}],"version-history":[{"count":10,"href":"https:\/\/www.bletschuweg2.ch\/index.php?rest_route=\/wp\/v2\/pages\/122\/revisions"}],"predecessor-version":[{"id":984,"href":"https:\/\/www.bletschuweg2.ch\/index.php?rest_route=\/wp\/v2\/pages\/122\/revisions\/984"}],"up":[{"embeddable":true,"href":"https:\/\/www.bletschuweg2.ch\/index.php?rest_route=\/wp\/v2\/pages\/18"}],"wp:attachment":[{"href":"https:\/\/www.bletschuweg2.ch\/index.php?rest_route=%2Fwp%2Fv2%2Fmedia&parent=122"}],"curies":[{"name":"wp","href":"https:\/\/api.w.org\/{rel}","templated":true}]}}