{"id":120,"date":"2019-05-03T21:16:02","date_gmt":"2019-05-03T21:16:02","guid":{"rendered":"http:\/\/www.bletschuweg2.ch\/?page_id=120"},"modified":"2024-01-05T14:54:18","modified_gmt":"2024-01-05T14:54:18","slug":"schlafen","status":"publish","type":"page","link":"https:\/\/www.bletschuweg2.ch\/?page_id=120","title":{"rendered":"Schlafen"},"content":{"rendered":"\n<p>Im Schlafzimmer stehen ein Doppelbett und ein Kaj\u00fcttenbett mit je 2 Schlafpl\u00e4tzen. <\/p>\n\n\n\n<figure class=\"wp-block-image size-full\"><img loading=\"lazy\" decoding=\"async\" width=\"600\" height=\"400\" src=\"https:\/\/www.bletschuweg2.ch\/wp-content\/uploads\/2024\/01\/Doppelbett.jpg\" alt=\"\" class=\"wp-image-720\" srcset=\"https:\/\/www.bletschuweg2.ch\/wp-content\/uploads\/2024\/01\/Doppelbett.jpg 600w, https:\/\/www.bletschuweg2.ch\/wp-content\/uploads\/2024\/01\/Doppelbett-300x200.jpg 300w\" sizes=\"auto, (max-width: 600px) 100vw, 600px\" \/><\/figure>\n\n\n\n<p><\/p>\n\n\n\n<p>Das obere Kaj\u00fcttenbett ist recht nahe an der Decke und kann nur von kleinen oder sehr wendigen Personen belegt werden. Zwei zus\u00e4tzliche Matratzen k\u00f6nnen am Boden ausgelegt werden (egal in welchem Raum). <\/p>\n\n\n\n<figure class=\"wp-block-image size-full\"><img loading=\"lazy\" decoding=\"async\" width=\"600\" height=\"400\" src=\"https:\/\/www.bletschuweg2.ch\/wp-content\/uploads\/2024\/01\/Kajuettenbett.jpg\" alt=\"\" class=\"wp-image-718\" srcset=\"https:\/\/www.bletschuweg2.ch\/wp-content\/uploads\/2024\/01\/Kajuettenbett.jpg 600w, https:\/\/www.bletschuweg2.ch\/wp-content\/uploads\/2024\/01\/Kajuettenbett-300x200.jpg 300w\" sizes=\"auto, (max-width: 600px) 100vw, 600px\" \/><\/figure>\n\n\n\n<p>In der Stube steht ein Einzelbett an der Wand. Darunter verstaut befindet sich ein zweites Bett zum Aufstellen. Die schwarzen B\u00e4ndeli sind zum Zusammenbinden der beiden Betten gedacht, damit diese nicht dauernd auseinanderrutschen.<\/p>\n\n\n\n<figure class=\"wp-block-image size-full\"><img loading=\"lazy\" decoding=\"async\" width=\"600\" height=\"400\" src=\"https:\/\/www.bletschuweg2.ch\/wp-content\/uploads\/2024\/01\/Ausziehbett.jpg\" alt=\"\" class=\"wp-image-721\" srcset=\"https:\/\/www.bletschuweg2.ch\/wp-content\/uploads\/2024\/01\/Ausziehbett.jpg 600w, https:\/\/www.bletschuweg2.ch\/wp-content\/uploads\/2024\/01\/Ausziehbett-300x200.jpg 300w\" sizes=\"auto, (max-width: 600px) 100vw, 600px\" \/><\/figure>\n\n\n\n<p>4 Duvets und 5 Kissen sind auf oder unter den Betten verstaut\/ deponiert. <\/p>\n\n\n\n<p>Bettw\u00e4sche bitte am besten selber mitnehmen; im Buffet in der Stube sind n\u00f6tigenfalls einige Anz\u00fcge und Leint\u00fccher vorr\u00e4tig. <\/p>\n\n\n\n<p><a href=\"https:\/\/www.bletschuweg2.ch\/\" data-type=\"page\" data-id=\"18\">zur\u00fcck zu Wohnung<\/a><\/p>\n","protected":false},"excerpt":{"rendered":"<p>Im Schlafzimmer stehen ein Doppelbett und ein Kaj\u00fcttenbett mit je 2 Schlafpl\u00e4tzen. Das obere Kaj\u00fcttenbett ist recht nahe an der Decke und kann nur von kleinen oder sehr wendigen Personen belegt werden. Zwei zus\u00e4tzliche Matratzen k\u00f6nnen am Boden ausgelegt werden (egal in welchem Raum). In der Stube steht ein Einzelbett an der Wand. Darunter verstaut [&hellip;]<\/p>\n","protected":false},"author":1,"featured_media":0,"parent":18,"menu_order":0,"comment_status":"closed","ping_status":"closed","template":"","meta":{"footnotes":""},"class_list":["post-120","page","type-page","status-publish","hentry","post-preview"],"_links":{"self":[{"href":"https:\/\/www.bletschuweg2.ch\/index.php?rest_route=\/wp\/v2\/pages\/120","targetHints":{"allow":["GET"]}}],"collection":[{"href":"https:\/\/www.bletschuweg2.ch\/index.php?rest_route=\/wp\/v2\/pages"}],"about":[{"href":"https:\/\/www.bletschuweg2.ch\/index.php?rest_route=\/wp\/v2\/types\/page"}],"author":[{"embeddable":true,"href":"https:\/\/www.bletschuweg2.ch\/index.php?rest_route=\/wp\/v2\/users\/1"}],"replies":[{"embeddable":true,"href":"https:\/\/www.bletschuweg2.ch\/index.php?rest_route=%2Fwp%2Fv2%2Fcomments&post=120"}],"version-history":[{"count":5,"href":"https:\/\/www.bletschuweg2.ch\/index.php?rest_route=\/wp\/v2\/pages\/120\/revisions"}],"predecessor-version":[{"id":722,"href":"https:\/\/www.bletschuweg2.ch\/index.php?rest_route=\/wp\/v2\/pages\/120\/revisions\/722"}],"up":[{"embeddable":true,"href":"https:\/\/www.bletschuweg2.ch\/index.php?rest_route=\/wp\/v2\/pages\/18"}],"wp:attachment":[{"href":"https:\/\/www.bletschuweg2.ch\/index.php?rest_route=%2Fwp%2Fv2%2Fmedia&parent=120"}],"curies":[{"name":"wp","href":"https:\/\/api.w.org\/{rel}","templated":true}]}}